{"id":30,"date":"2021-11-14T16:59:33","date_gmt":"2021-11-14T16:59:33","guid":{"rendered":"https:\/\/flyskywork.ch\/?page_id=30"},"modified":"2021-11-14T21:48:43","modified_gmt":"2021-11-14T21:48:43","slug":"skywork-airlines","status":"publish","type":"page","link":"https:\/\/flyskywork.ch\/","title":{"rendered":"SkyWork Airlines"},"content":{"rendered":"\t\t<div data-elementor-type=\"wp-page\" data-elementor-id=\"30\" class=\"elementor elementor-30\" data-elementor-settings=\"[]\">\n\t\t\t\t\t\t\t<div class=\"elementor-section-wrap\">\n\t\t\t\t\t\t\t<section class=\"elementor-section elementor-top-section elementor-element elementor-element-2602f98 elementor-section-boxed elementor-section-height-default elementor-section-height-default\" data-id=\"2602f98\" data-element_type=\"section\">\n\t\t\t\t\t\t<div class=\"elementor-container elementor-column-gap-default\">\n\t\t\t\t\t<div class=\"elementor-column elementor-col-100 elementor-top-column elementor-element elementor-element-7d5a4b75\" data-id=\"7d5a4b75\" data-element_type=\"column\">\n\t\t\t<div class=\"elementor-widget-wrap elementor-element-populated\">\n\t\t\t\t\t\t\t\t<div class=\"elementor-element elementor-element-378c127a elementor-widget elementor-widget-text-editor\" data-id=\"378c127a\" data-element_type=\"widget\" data-widget_type=\"text-editor.default\">\n\t\t\t\t<div class=\"elementor-widget-container\">\n\t\t\t\t\t\t\t<p><!-- wp:paragraph --><\/p>\n<p>Eine Informationsseite der ehemaligen Berner Fluggesellschaft SkyWork Airlines.<\/p>\n<p><!-- \/wp:paragraph --><\/p>\n<p><!-- wp:paragraph --><\/p>\n<p><!-- \/wp:paragraph --><\/p>\n<p><!-- wp:paragraph --><\/p>\n<p><!-- \/wp:paragraph --><\/p>\n<p><!-- wp:heading --><\/p>\n<h2>Gr\u00fcndung<\/h2>\n<p><!-- \/wp:heading --><\/p>\n<p><!-- wp:paragraph --><\/p>\n<p>SkyWork Airlines wurde im Jahr 1983 als Flugschule f\u00fcr h\u00f6here Ausbildungen gegr\u00fcndet. F\u00fcnf Jahre sp\u00e4ter, im Jahr 1989 wurde der Schwerpunkt auf die Bef\u00f6rderung von Privat- und Gesch\u00e4ftskunden verlagert und SkyWork Airlines kaufte eine Cessna Cituation II mit der Immutrikulation HB-VIO. Die erste Donier 328-100 kam im Jahr 2003, eine De Havilland DHC-8-400 (Dash) im Jahr 2008 zur Flotte hinzu. Ab 2009 wurden die ersten Linienfl\u00fcge durchgef\u00fchrt.&nbsp;<\/p>\n<p><span style=\"color: rgb(51, 51, 51); font-family: Raleway, Helvetica, Arial, sans-serif; font-size: 2rem; font-weight: 600;\">Grounding<\/span><\/p>\n<p><!-- \/wp:heading --><\/p>\n<p><!-- wp:paragraph --><\/p>\n<p>Am Abend des 29. August 2018 wurde der operative Flugbetrieb eingestellt<\/p>\n<p><!-- \/wp:paragraph --><\/p>\n<p><!-- wp:heading --><\/p>\n<h2>Konkurs<\/h2>\n<p><!-- \/wp:heading --><\/p>\n<p><!-- wp:paragraph --><\/p>\n<p>Der Konkurs zog sich \u00fcber mehrere Jahre.<\/p>\n<p><br><\/p>\n<p><!-- \/wp:paragraph --><\/p>\n<p><!-- wp:paragraph --><\/p>\n<p><!-- \/wp:paragraph --><\/p>\n<p><!-- wp:paragraph --><\/p>\n<p><!-- \/wp:paragraph --><\/p>\n<p><!-- wp:paragraph --><\/p>\n<p><!-- \/wp:paragraph --><\/p>\n<p><!-- wp:paragraph --><\/p>\n<p><!-- \/wp:paragraph --><\/p>\n<p><!-- wp:html --><br><br><ins style=\"display: block; text-align: center; height: 200px;\" data-ad-layout=\"in-article\" data-ad-format=\"fluid\" data-ad-client=\"ca-pub-7959906675614155\" data-ad-slot=\"7602649156\" data-adsbygoogle-status=\"done\" data-ad-status=\"unfilled\"><ins style=\"border: none; height: 200px; width: 1090px; margin: 0px; padding: 0px; position: relative; visibility: visible; background-color: transparent; display: inline-table;\" tabindex=\"0\" title=\"Advertisement\" aria-label=\"Advertisement\"><ins style=\"border: none; height: 200px; width: 1090px; margin: 0px; padding: 0px; position: relative; visibility: visible; background-color: transparent; display: block;\"><iframe loading=\"lazy\" style=\"left: 0; position: absolute; top: 0; border: 0; width: 1090px; height: 200px;\" src=\"https:\/\/googleads.g.doubleclick.net\/pagead\/ads?client=ca-pub-7959906675614155&amp;output=html&amp;h=200&amp;slotname=7602649156&amp;adk=470055935&amp;adf=87293021&amp;pi=t.ma~as.7602649156&amp;w=1090&amp;fwrn=3&amp;lmt=1636926073&amp;rafmt=11&amp;psa=0&amp;format=1090x200&amp;url=https%3A%2F%2Fflyskywork.ch%2F%3Felementor-preview%3D30%26ver%3D1636925937&amp;flash=0&amp;host=ca-host-pub-2644536267352236&amp;wgl=1&amp;adsid=ChAIgITDjAYQ5uCFx8qBos1kEjkADZ4y2Yjf8HLTzklCPh34I-n6UBxrdIXkQTzRRhO8J1SmJYhr9TTEN_rlSGCe4EiSR_RxPLLKmtc&amp;uach=WyJXaW5kb3dzIiwiMTAuMC4wIiwieDg2IiwiIiwiOTUuMC40NjM4LjY5IixbXSxudWxsLG51bGwsIjY0Il0.&amp;dt=1636926073150&amp;bpp=2&amp;bdt=134476&amp;idt=2&amp;shv=r20211109&amp;mjsv=m202111080101&amp;ptt=9&amp;saldr=aa&amp;cookie=ID%3D06dea81d2340693a-225247d7b7cb0029%3AT%3D1636913712%3ART%3D1636913712%3AS%3DALNI_MbcLX66mofKvGNZRmJbUtWXwHwloQ&amp;prev_fmts=0x0%2C1090x200%2C1090x200%2C1090x200&amp;nras=1&amp;correlator=825724484453&amp;frm=21&amp;ife=1&amp;pv=1&amp;ga_vid=1540952294.1636912875&amp;ga_sid=1636925939&amp;ga_hid=2091963870&amp;ga_fc=1&amp;nhd=1&amp;rplot=4&amp;u_tz=60&amp;u_his=6&amp;u_h=1080&amp;u_w=1920&amp;u_ah=1040&amp;u_aw=1920&amp;u_cd=24&amp;dmc=8&amp;adx=557&amp;ady=498&amp;biw=1920&amp;bih=937&amp;isw=1603&amp;ish=937&amp;ifk=2360290120&amp;scr_x=0&amp;scr_y=0&amp;eid=31063751%2C44753656%2C21067496%2C31062931&amp;oid=2&amp;pvsid=2954883478898323&amp;pem=569&amp;tmod=1183882863&amp;ref=https%3A%2F%2Fflyskywork.ch%2Fwp-admin%2Fpost.php%3Fpost%3D30%26action%3Dedit&amp;top=https%3A%2F%2Fflyskywork.ch%2Fwp-admin%2Fpost.php%3Fpost%3D30%26action%3Delementor&amp;eae=0&amp;fc=1920&amp;brdim=0%2C0%2C0%2C0%2C1920%2C0%2C1920%2C1040%2C1620%2C937&amp;vis=1&amp;rsz=%7C%7CeE%7C&amp;abl=CS&amp;pfx=0&amp;fu=132&amp;bc=31&amp;jar=2021-11-14-10&amp;ifi=5&amp;uci=5.9awmje42inx6&amp;fsb=1&amp;xpc=7Q2FxMCLcy&amp;p=https%3A\/\/flyskywork.ch&amp;dtd=10\" width=\"1090\" height=\"200\" frameborder=\"0\" marginwidth=\"0\" marginheight=\"0\" scrolling=\"no\" sandbox=\"allow-forms allow-popups allow-popups-to-escape-sandbox allow-same-origin allow-scripts allow-top-navigation-by-user-activation\" allowfullscreen=\"allowfullscreen\" data-google-container-id=\"5.9awmje42inx6\" data-load-complete=\"true\"><\/iframe><\/ins><\/ins><\/ins><br><br><!-- \/wp:html --><\/p>\n<p><!-- wp:paragraph --><\/p>\n<p>Alle Angaben ohne Gew\u00e4hr.<\/p>\n<p><!-- \/wp:paragraph --><\/p>\t\t\t\t\t\t<\/div>\n\t\t\t\t<\/div>\n\t\t\t\t\t<\/div>\n\t\t<\/div>\n\t\t\t\t\t\t\t<\/div>\n\t\t<\/section>\n\t\t\t\t\t\t<\/div>\n\t\t\t\t\t<\/div>\n\t\t","protected":false},"excerpt":{"rendered":"<p>Eine Informationsseite der ehemaligen Berner Fluggesellschaft SkyWork Airlines. Gr\u00fcndung SkyWork Airlines wurde im Jahr 1983 als Flugschule f\u00fcr h\u00f6here Ausbildungen gegr\u00fcndet. F\u00fcnf Jahre sp\u00e4ter, im Jahr 1989 wurde der Schwerpunkt &#8230;<\/p>\n","protected":false},"author":1,"featured_media":0,"parent":0,"menu_order":0,"comment_status":"closed","ping_status":"closed","template":"template-fullwidth.php","meta":{"footnotes":""},"class_list":["post-30","page","type-page","status-publish","hentry"],"_links":{"self":[{"href":"https:\/\/flyskywork.ch\/index.php?rest_route=\/wp\/v2\/pages\/30","targetHints":{"allow":["GET"]}}],"collection":[{"href":"https:\/\/flyskywork.ch\/index.php?rest_route=\/wp\/v2\/pages"}],"about":[{"href":"https:\/\/flyskywork.ch\/index.php?rest_route=\/wp\/v2\/types\/page"}],"author":[{"embeddable":true,"href":"https:\/\/flyskywork.ch\/index.php?rest_route=\/wp\/v2\/users\/1"}],"replies":[{"embeddable":true,"href":"https:\/\/flyskywork.ch\/index.php?rest_route=%2Fwp%2Fv2%2Fcomments&post=30"}],"version-history":[{"count":7,"href":"https:\/\/flyskywork.ch\/index.php?rest_route=\/wp\/v2\/pages\/30\/revisions"}],"predecessor-version":[{"id":61,"href":"https:\/\/flyskywork.ch\/index.php?rest_route=\/wp\/v2\/pages\/30\/revisions\/61"}],"wp:attachment":[{"href":"https:\/\/flyskywork.ch\/index.php?rest_route=%2Fwp%2Fv2%2Fmedia&parent=30"}],"curies":[{"name":"wp","href":"https:\/\/api.w.org\/{rel}","templated":true}]}}